{"id":96,"date":"2017-06-18T18:51:38","date_gmt":"2017-06-18T16:51:38","guid":{"rendered":"https:\/\/gk-usbekistan.de\/?page_id=96"},"modified":"2026-01-29T11:37:33","modified_gmt":"2026-01-29T09:37:33","slug":"%d0%b8%d1%81%d1%82%d1%80%d0%b5%d0%b1%d0%be%d0%b2%d0%b0%d0%bd%d0%b8%d0%b5-%d0%b4%d0%be%d0%ba%d1%83%d0%bc%d0%b5%d0%bd%d1%82%d0%be%d0%b2-%d0%b8%d0%b7-%d1%80%d0%b5%d1%81%d0%bf%d1%83%d0%b1%d0%bb%d0%b8","status":"publish","type":"page","link":"https:\/\/gk-usbekistan.de\/uz\/consular-services\/%d0%b8%d1%81%d1%82%d1%80%d0%b5%d0%b1%d0%be%d0%b2%d0%b0%d0%bd%d0%b8%d0%b5-%d0%b4%d0%be%d0%ba%d1%83%d0%bc%d0%b5%d0%bd%d1%82%d0%be%d0%b2-%d0%b8%d0%b7-%d1%80%d0%b5%d1%81%d0%bf%d1%83%d0%b1%d0%bb%d0%b8\/","title":{"rendered":"O&#8217;ZBEKISTON RESPUBLIKASIDAN HUJJAT TALAB QILISH"},"content":{"rendered":"<p><\/p>\n<div style=\"text-align: justify;\">O\u2018zbekiston Respublikasi fuqarolari, chet el fuqarolari va fuqaroligi bo\u2018lmagan shaxslar, Bosh konsulxona konsullik okrugi hududida yashovchi bo\u2018lsalar, O\u2018zbekiston Respublikasi davlat organlaridan, O\u2018zbekiston Respublikasida joylashgan muassasa va tashkilotlardan fuqarolik holati aktlarini davlat ro\u2018yxatidan o\u2018tganligi, ta\u2019lim, mehnat staji va boshqa murojaatchilarning huquq va manfaatlariga tegishli hujjatlarni Bosh konsulxona orqali talab qilishlari mumkin.<\/div>\n<p><!--more--><\/p>\n<div style=\"text-align: justify;\">Quyidagilar talab qilinmaydi, yuborilmaydi yoki chet elga chiqarilmaydi: mehnat va pensiya daftarlari asl nusxalari, harbiy guvohnomalar, haydovchilik guvohnomalari va shunga o\u2018xshash hujjatlar. Shuningdek, agar nikoh bekor qilingan bo\u2018lsa, takroriy nikoh guvohnomalari, shuningdek, vafot etgan shaxslarning tug\u2018ilganlik guvohnomalari ham talab qilinmaydi. Nogiron shaxslarning tug\u2018ilganlik guvohnomalari ularning qonuniy vakillari tomonidan talab qilinadi. Vafot etgan shaxslarning o\u2018lim guvohnomalari qarindoshlari yoki rasmiy maqsadlarda yuridik shaxslar tomonidan talab qilinishi mumkin.<\/div>\n<p><!--more--><\/p>\n<p style=\"text-align: justify;\"><strong>O\u2018zbekiston Respublikasidan hujjatlarni talab qilish uchun Bosh konsulxona qabuliga <a href=\"https:\/\/e-navbat.mfa.uz\/texnolog\/usluga?id=47&amp;language=uz\">belgilangan vaqtda<\/a>\u00a0 quyidagi hujjatlar bilan 1 nusxada tashrif buyurish zarur:<\/strong><\/p>\n<p><!--more--><\/p>\n<p><strong>1.<\/strong> Bosh konsulxona nomiga ariza <em>(<strong><a href=\"https:\/\/gk-usbekistan.de\/wp-content\/uploads\/2025\/09\/Hujjatni-talab-qilish_Ariza.pdf\">kerakli shaklni chop etish<\/a><\/strong>)<\/em><b><i>;<\/i><\/b><\/p>\n<p><!--more--><\/p>\n<p style=\"text-align: justify;\"><strong>2. <span style=\"color: #0000ff;\"><a style=\"color: #0000ff;\" href=\"https:\/\/consulate.mfa.uz\/docs\/index?language=uz\">So`rovnoma<\/a><\/span><\/strong> to\u2018ldiriladi. So\u2018ngra u chop etiladi, imzo va sana qo\u2018yiladi. To\u2018liq va har bir bo\u2018limi batafsil to\u2018ldirilgan anketaning haqiqiy hisoblanadi;<\/p>\n<p><!--more--><\/p>\n<p style=\"text-align: justify;\"><strong>3.<\/strong> Pasport asl nusxasi va barcha sahifalarining nusxasi <em>(qayerda yozuv va muhr bo\u2018lsa)<\/em>;<\/p>\n<p><!--more--><\/p>\n<p style=\"text-align: justify;\"><strong>4.<\/strong> Yashash qonuniyligi hujjati asl nusxasi va nusxasi <em>(Dokument \u00fcber die Rechtm\u00e4\u00dfigkeit des Aufenthalts)<\/em>;<\/p>\n<p><!--more--><\/p>\n<p style=\"text-align: justify;\"><strong>5.<\/strong> To\u2018lov Bosh konsulxonada EC-bank kartasi bilan terminal orqali amalga oshirilishi yoki konsullik yig\u2018imi summasining o\u2018tkazilgan kvitansiya nusxasi taqdim qilinishi mumkin;<\/p>\n<ul>\n<li style=\"text-align: justify;\">O\u2018zbekiston Respublikasi fuqarolari uchun &#8211; <strong>30 yevro<\/strong><\/li>\n<li style=\"text-align: justify;\">Chet el fuqarolari uchun &#8211; <strong>70 yevro<\/strong><\/li>\n<\/ul>\n<p><!--more--><\/p>\n<div style=\"text-align: justify;\"><strong>6. <\/strong>Tayyor hujjatni yuborish uchun orqa manzili ko\u2018rsatilgan markali konvert.<\/div>\n<p><!--more--><\/p>\n<div style=\"text-align: center;\">\n<p><strong>MUHIM!<\/strong><\/p>\n<p style=\"text-align: justify;\">Agar talab qilinayotgan hujjat O\u2018zbekiston Respublikasi arxiv muassasalarida topilmasa, murojaatchiga so\u2018ralgan hujjatlar yoki ma\u2019lumotlar mavjud emasligi haqida xat yuboriladi. Bunday holatda konsullik yig\u2018imi qaytarilmaydi.<\/p>\n<\/div>\n<p><!--more--><\/p>\n<div style=\"text-align: center;\">\n<p style=\"text-align: justify;\"><span style=\"text-decoration: underline;\"><strong>Bosh konsulxonaning bank rekvizitlari:<\/strong><\/span><\/p>\n<\/div>\n<p>Nassauische Sparkasse<br \/>\nFrankfurt am Main<br \/>\nKontonummer 141055100<br \/>\nBLZ 51050015<br \/>\nIBAN DE08510500150141055100<br \/>\nBIC NASSDE55XXX<\/p>","protected":false},"excerpt":{"rendered":"<p>Ushbu sahifa faqat \u0420\u0443\u0441\u0441\u043a\u0438\u0439 tillarda mavjud.<\/p>\n","protected":false},"author":2,"featured_media":0,"parent":56,"menu_order":0,"comment_status":"closed","ping_status":"closed","template":"","meta":{"footnotes":""},"class_list":["post-96","page","type-page","status-publish","hentry"],"_links":{"self":[{"href":"https:\/\/gk-usbekistan.de\/uz\/wp-json\/wp\/v2\/pages\/96","targetHints":{"allow":["GET"]}}],"collection":[{"href":"https:\/\/gk-usbekistan.de\/uz\/wp-json\/wp\/v2\/pages"}],"about":[{"href":"https:\/\/gk-usbekistan.de\/uz\/wp-json\/wp\/v2\/types\/page"}],"author":[{"embeddable":true,"href":"https:\/\/gk-usbekistan.de\/uz\/wp-json\/wp\/v2\/users\/2"}],"replies":[{"embeddable":true,"href":"https:\/\/gk-usbekistan.de\/uz\/wp-json\/wp\/v2\/comments?post=96"}],"version-history":[{"count":59,"href":"https:\/\/gk-usbekistan.de\/uz\/wp-json\/wp\/v2\/pages\/96\/revisions"}],"predecessor-version":[{"id":5917,"href":"https:\/\/gk-usbekistan.de\/uz\/wp-json\/wp\/v2\/pages\/96\/revisions\/5917"}],"up":[{"embeddable":true,"href":"https:\/\/gk-usbekistan.de\/uz\/wp-json\/wp\/v2\/pages\/56"}],"wp:attachment":[{"href":"https:\/\/gk-usbekistan.de\/uz\/wp-json\/wp\/v2\/media?parent=96"}],"curies":[{"name":"wp","href":"https:\/\/api.w.org\/{rel}","templated":true}]}}