{"id":88,"date":"2017-06-18T18:34:50","date_gmt":"2017-06-18T16:34:50","guid":{"rendered":"https:\/\/gk-usbekistan.de\/?page_id=88"},"modified":"2019-09-13T08:29:46","modified_gmt":"2019-09-13T06:29:46","slug":"%d0%ba%d0%be%d0%bd%d1%81%d1%83%d0%bb%d1%8c%d1%81%d0%ba%d0%b8%d0%b9-%d1%83%d1%87%d0%b5%d1%82","status":"publish","type":"page","link":"https:\/\/gk-usbekistan.de\/de\/consular-services\/%d0%ba%d0%be%d0%bd%d1%81%d1%83%d0%bb%d1%8c%d1%81%d0%ba%d0%b8%d0%b9-%d1%83%d1%87%d0%b5%d1%82\/","title":{"rendered":"Beglaubigung"},"content":{"rendered":"<p><\/p>\n<h2>Beglaubigung von Schriftst\u00fccken f\u00fcr die Verwendung in der Republik Usbekistan<\/h2>\n<div class=\"nodepic\">Von deutschen Beh\u00f6rden ausgefertigte Schriftst\u00fccke werden von den Beh\u00f6rden und von juristischen Personen der Republik Usbekistan nur nach vorheriger Beglaubigung durch eine konsularische Vertretung bearbeitet.<\/div>\n<div class=\"field field-name-body field-type-text-with-summary field-label-hidden\">\n<div class=\"field-items\">\n<div class=\"field-item even\">\n<p>Gem\u00e4\u00df Konsularstatut der Republik Usbekistan sind f\u00fcr konsularische Beglaubigungen die konsularischen Vertretungen der Republik Usbekistan im Ausland zust\u00e4ndig.<\/p>\n<p>Die einzureichenden Schriftst\u00fccke sind in deutlicher und klarer Schrift auszufertigen und in die russische Sprache zu \u00fcbersetzen (beeidigter oder erm\u00e4chtigter \u00dcbersetzer). Stempel und Unterschriften sollten m\u00f6glichst deutlich erkennbar sein. S\u00e4mtliche Schriftst\u00fccke sind zusammen mit einer Kopie einzureichen.<br \/>\nDie Schriftst\u00fccke sind vor ihrer Einreichung \u2013 je nach Art des Schriftst\u00fcckes \u2013von folgenden Dienststellen und Beh\u00f6rden in Deutschland beglaubigen zu lassen:<\/p>\n<p><strong>I. von einem Notar und vom Pr\u00e4sidenten des zust\u00e4ndigen Landgerichts<\/strong><br \/>\noder<\/p>\n<p><strong>II. von der Industrie- und Handelskammer (IHK)<\/strong><br \/>\n(nur bei Schriftst\u00fccken mit Gesch\u00e4ftscharakter)<br \/>\nSchriftst\u00fccke, die die genannten Voraussetzungen nicht erf\u00fcllen, werden nicht durch die konsularische Vertretung beglaubigt.<br \/>\nBeim Versand Schriftst\u00fccke zur konsularischen Beglaubigung auf dem Postweg ist ein ausreichend frankierter R\u00fcckumschlag beizuf\u00fcgen.<\/p>\n<p>F\u00fcr die konsularische Beglaubigung wird pro Schriftst\u00fccke eine<br \/>\nGeb\u00fchr von\u00a0<strong>120,- Euro<\/strong>\u00a0erhoben.<\/p>\n<p>Diese ist vor der Einreichung der Schriftst\u00fccke auf das Konto des Generalkonsulats. Der von der Bank best\u00e4tigte \u00dcberweisungsbeleg ist den zu beglaubigenden Schriftst\u00fccken beizuf\u00fcgen.<br \/>\nBeim Versand von Unterlagen per Post ist der Postweg (bis zu ca. 1 Woche) zu ber\u00fccksichtigen.<br \/>\n<strong>Das Generalkonsulat haftet nicht f\u00fcr die \u00dcbersendung per Post.<\/strong><\/p>\n<p><strong>Ab dem 15.04.2012 ist f\u00fcr Schriftst\u00fccke, die von schweizerischen Beh\u00f6rden ausgefertigt werden, keine Beglaubigung mehr durch eine konsularische Vertretung der Republik Usbekistan erforderlich.<\/strong><\/p>\n<\/div>\n<\/div>\n<\/div>\n<p><\/p>","protected":false},"excerpt":{"rendered":"<p>Beglaubigung von Schriftst\u00fccken f\u00fcr die Verwendung in der Republik Usbekistan Von deutschen Beh\u00f6rden ausgefertigte Schriftst\u00fccke werden von den Beh\u00f6rden und von juristischen Personen der Republik Usbekistan nur nach vorheriger Beglaubigung durch eine konsularische Vertretung bearbeitet. Gem\u00e4\u00df Konsularstatut der Republik Usbekistan sind f\u00fcr konsularische Beglaubigungen die konsularischen Vertretungen der Republik Usbekistan im Ausland zust\u00e4ndig. Die einzureichenden [&hellip;]<\/p>\n","protected":false},"author":2,"featured_media":0,"parent":56,"menu_order":0,"comment_status":"closed","ping_status":"closed","template":"","meta":{"footnotes":""},"class_list":["post-88","page","type-page","status-publish","hentry"],"_links":{"self":[{"href":"https:\/\/gk-usbekistan.de\/de\/wp-json\/wp\/v2\/pages\/88","targetHints":{"allow":["GET"]}}],"collection":[{"href":"https:\/\/gk-usbekistan.de\/de\/wp-json\/wp\/v2\/pages"}],"about":[{"href":"https:\/\/gk-usbekistan.de\/de\/wp-json\/wp\/v2\/types\/page"}],"author":[{"embeddable":true,"href":"https:\/\/gk-usbekistan.de\/de\/wp-json\/wp\/v2\/users\/2"}],"replies":[{"embeddable":true,"href":"https:\/\/gk-usbekistan.de\/de\/wp-json\/wp\/v2\/comments?post=88"}],"version-history":[{"count":4,"href":"https:\/\/gk-usbekistan.de\/de\/wp-json\/wp\/v2\/pages\/88\/revisions"}],"predecessor-version":[{"id":806,"href":"https:\/\/gk-usbekistan.de\/de\/wp-json\/wp\/v2\/pages\/88\/revisions\/806"}],"up":[{"embeddable":true,"href":"https:\/\/gk-usbekistan.de\/de\/wp-json\/wp\/v2\/pages\/56"}],"wp:attachment":[{"href":"https:\/\/gk-usbekistan.de\/de\/wp-json\/wp\/v2\/media?parent=88"}],"curies":[{"name":"wp","href":"https:\/\/api.w.org\/{rel}","templated":true}]}}