{"id":4358,"date":"2023-12-21T18:08:27","date_gmt":"2023-12-21T16:08:27","guid":{"rendered":"https:\/\/gk-usbekistan.de\/?page_id=4358"},"modified":"2024-02-05T12:29:01","modified_gmt":"2024-02-05T10:29:01","slug":"shavkat-mirziyoyev-biography","status":"publish","type":"page","link":"https:\/\/gk-usbekistan.de\/de\/shavkat-mirziyoyev-biography\/","title":{"rendered":"Pr\u00e4sident der Republik Usbekistan Shavkat Mirziyoyev"},"content":{"rendered":"<p><img loading=\"lazy\" decoding=\"async\" class=\"alignnone size-large\" src=\"https:\/\/www.uzbekistan.de\/upload\/image\/121233_(1).jpg\" width=\"426\" height=\"640\" \/><\/p>\n<h2>Fr\u00fche Jahre und Ausbildung<\/h2>\n<p>Shavkat Mirziyoyev wurde am 24. Juli 1957 in der Familie von Medizinern in der Region Jizzax der Usbekischen Sozialistischen Sowjetrepublik geboren.<\/p>\n<p>Er schloss die Hochschule f\u00fcr Bew\u00e4sserung und landwirtschaftliche Mechanisierung in Taschkent als diplomierter Maschinenbauingenieur ab. Der zuk\u00fcnftige Pr\u00e4sident Usbekistans blieb an der Hochschule als Dozent und setzte seine Ausbildung fort. Seine akademische Kariere begann er als wissenschaftlicher Assistent und wurde zum Vizerektor f\u00fcr Studium und Lehre.<\/p>\n<h2>Beginn der politischen Karriere<\/h2>\n<p>Der Pr\u00e4sident Usbekistans Shavkat Mirziyoyev hat seine Karriere in der Politik und Verwaltung kurz vor dem Zerfall der Sowjetunion begonnen. 1990 wurde Shavkat Mirziyoyev in den Obersten Sowjet der Republik gew\u00e4hlt.<\/p>\n<p>In den ersten Jahren der usbekischen Unabh\u00e4ngigkeit (seit 1992) war Mirziyoyev Hokim (B\u00fcrgermeister) des Bezirks Mirzo Ulugbek in Taschkent. 1996 bis 2001 diente Mirziyoyev als Hokim (Gouverneur) in der Provinz Jizzax. 2001 bis 2003 bekleidete er den Posten des Hokims in der Provinz Samarqand.<\/p>\n<p>W\u00e4hrend seiner langj\u00e4hrigen T\u00e4tigkeit in den f\u00fchrenden Positionen der lokalen Verwaltungen leistete Mirziyoyev einen wesentlichen Beitrag zur wirtschaftlichen und sozialen Entwicklung seiner Bezirke und Provinzen. Der zuk\u00fcnftige Pr\u00e4sident Usbekistans war aktiv an der Ausarbeitung und Verabschiedung wichtiger Gesetze und Dokumente beteiligt, die auf die Umsetzung von demokratischen Reformen gerichtet wurden.<\/p>\n<h2>Arbeit in der Regierung<\/h2>\n<p>Mirziyoyev setzte seine politische Karriere fort und wurde 2003 Premierminister. Seitdem best\u00e4tigte das usbekische Parlament \u2013 Oliy Majlis \u2013 die Kandidatur von Mirziyoyev noch dreimal. Er bekleidete diesen Posten bis Ende 2016.<\/p>\n<p>Als Premierminister bewies Shavkat Mirziyoyev sein Organisationstalent, das er f\u00fcr umfassende Reformen in der Wirtschaft und bei der Modernisierung des Landes einsetzte. 2003 bis 2016 stieg der Anteil der Kleinunternehmen in Usbekistan deutlich an, die Rechte der Unternehmer erhielten zus\u00e4tzliche Garantien. Gleichzeitig wuchs das Exportpotenzial Usbekistans, man setzte auf die Entwicklung der privaten Landwirtschaft und Ern\u00e4hrungssicherheit des Landes.<\/p>\n<h2>Pr\u00e4sident Mirziyoyev<\/h2>\n<h2>Ende 2016 wurde Shavkat Mirziyoyev mit 88,6 Prozent der Stimmen zum Pr\u00e4sidenten Usbekistans gew\u00e4hlt. Die Zeit seiner Pr\u00e4sidentschaft war durch die Transformation und Reformen gepr\u00e4gt, die das globale Image des Landes verbesserten, die Lebensqualit\u00e4t erh\u00f6hten und der Wirtschaft einen neuen Ansporn gaben. Gleichzeitig widmete der usbekische Pr\u00e4sident eine besondere Aufmerksamkeit der Entwicklung des Bildungswesens.<\/h2>\n<h2>Bei den Wahlen im Oktober 2021 wurde Shavkat Mirziyoyev mit 80,1 Prozent der Stimmen wiedergew\u00e4hlt. Im Juli 2023 gewann Mirziyoyev die vorgezogenen Pr\u00e4sidentschaftswahlen mit \u00fcber 87 Prozent der Stimmen.<\/h2>\n<h2>Reformen von Mirziyoyev<\/h2>\n<p>Der Pr\u00e4sident der Republik Usbekistan Shavkat Mirziyoyev hat zahlreiche Reformen eingeleitet, die Usbekistan einen qualitativen Entwicklungssprung erm\u00f6glicht haben. Zu den bekanntesten und bemerkenswertesten Reformen geh\u00f6ren:<\/p>\n<ul>\n<li>Liberalisierung des Wechselkurses der usbekischen W\u00e4hrung (So\u02bbms);<\/li>\n<li>\u00d6ffnung der Grenzen, Anziehung der ausl\u00e4ndischen Investitionen, Unternehmen und Touristen;<\/li>\n<li>Abschaffung der Staatsmonopolen in verschiedenen Branchen, Programm zur Privatisierung von Staatseigentum;<\/li>\n<li>Abschaffung Kinder- und der Zwangsarbeit bei der Ernte der Baumwolle;<\/li>\n<li>Freilassung der politischen Gefangenen;<\/li>\n<li>\u00c4nderung der Struktur des Staatseigentums;<\/li>\n<li>Abbau von administrativen Hindernissen und Senkung der Steuern f\u00fcr die Privatunternehmen.<\/li>\n<\/ul>\n<h2>Strategie 2030<\/h2>\n<p>Nach seiner Wiederwahl zum Pr\u00e4sidenten im Jahr 2023 verabschiedete Shavkat Mirziyoyev die Strategie f\u00fcr die Entwicklung des neuen Usbekistans, bekannt als &#8220;Usbekistan-2030&#8221;. Sie umfasst f\u00fcnf Bereiche und 100 Ziele. F\u00fcr die Umsetzung dieses Programms wurden mindestens 252 Milliarden Dollar vorgesehen. Die Schwerpunkte der Strategie sind:<\/p>\n<ul>\n<li>gerechter und moderner Staat im Dienste des Volkes (16 Ziele);<\/li>\n<li>nachhaltiges Wirtschaftswachstum (17 Ziele);<\/li>\n<li>Gesundheitsversorgung, Bildung und Sozialschutz, die den internationalen Standards und den Interessen der Bev\u00f6lkerung entsprechen werden (44 Ziele);<\/li>\n<li>Umweltschutz (12 Ziele);<\/li>\n<li>weitere Entwicklung des Landes zum sicheren und friedlichen Staat mit der hohen Verteidigungsf\u00e4higkeit, mit der offenen, pragmatischen und aktiven Au\u00dfenpolitik (11 Ziele).<\/li>\n<\/ul>\n<h2>Familie von Mirziyoyev<\/h2>\n<p>Der Pr\u00e4sident der Republik Usbekistan Shavkat Mirziyoyev ist mit Frau Ziroat Mahmudovna Mirziyoyeva verheiratet, sie haben zwei T\u00f6chter und einen Sohn. Seit 2020 ist Z. Mirziyoyeva die Vorsitzende des Kuratoriums der Zamin\u00a0International Public Foundation, die eine Reihe von Wohlt\u00e4tigkeitsprojekten zum sozialen Schutz der schw\u00e4chsten Bev\u00f6lkerungsschichten sowie zur Entwicklung von Bildungs- und Gesundheitswesen in Usbekistan durch die Schaffung des zug\u00e4nglichen und inklusiven Milieus betreut.<\/p>","protected":false},"excerpt":{"rendered":"<p>Fr\u00fche Jahre und Ausbildung Shavkat Mirziyoyev wurde am 24. Juli 1957 in der Familie von Medizinern in der Region Jizzax der Usbekischen Sozialistischen Sowjetrepublik geboren. Er schloss die Hochschule f\u00fcr Bew\u00e4sserung und landwirtschaftliche Mechanisierung in Taschkent als diplomierter Maschinenbauingenieur ab. Der zuk\u00fcnftige Pr\u00e4sident Usbekistans blieb an der Hochschule als Dozent und setzte seine Ausbildung fort. [&hellip;]<\/p>\n","protected":false},"author":2,"featured_media":0,"parent":0,"menu_order":0,"comment_status":"closed","ping_status":"closed","template":"","meta":{"footnotes":""},"class_list":["post-4358","page","type-page","status-publish","hentry"],"_links":{"self":[{"href":"https:\/\/gk-usbekistan.de\/de\/wp-json\/wp\/v2\/pages\/4358","targetHints":{"allow":["GET"]}}],"collection":[{"href":"https:\/\/gk-usbekistan.de\/de\/wp-json\/wp\/v2\/pages"}],"about":[{"href":"https:\/\/gk-usbekistan.de\/de\/wp-json\/wp\/v2\/types\/page"}],"author":[{"embeddable":true,"href":"https:\/\/gk-usbekistan.de\/de\/wp-json\/wp\/v2\/users\/2"}],"replies":[{"embeddable":true,"href":"https:\/\/gk-usbekistan.de\/de\/wp-json\/wp\/v2\/comments?post=4358"}],"version-history":[{"count":18,"href":"https:\/\/gk-usbekistan.de\/de\/wp-json\/wp\/v2\/pages\/4358\/revisions"}],"predecessor-version":[{"id":4442,"href":"https:\/\/gk-usbekistan.de\/de\/wp-json\/wp\/v2\/pages\/4358\/revisions\/4442"}],"wp:attachment":[{"href":"https:\/\/gk-usbekistan.de\/de\/wp-json\/wp\/v2\/media?parent=4358"}],"curies":[{"name":"wp","href":"https:\/\/api.w.org\/{rel}","templated":true}]}}