{"id":3310,"date":"2022-10-24T20:06:35","date_gmt":"2022-10-24T18:06:35","guid":{"rendered":"https:\/\/gk-usbekistan.de\/?page_id=3310"},"modified":"2023-01-03T12:36:40","modified_gmt":"2023-01-03T10:36:40","slug":"ozbekcha-bosh-konsulxonaning-konsullik-okrugida-hessen-baden-wyurtemberg-shimoliy-reyn-vestfaliya-bavariya-va-saarland-hamda-lixtenshteyn-knyazligi-faoliyat-yuritayotgan-o%ca%bczbekiston-respu","status":"publish","type":"page","link":"https:\/\/gk-usbekistan.de\/de\/ozbekcha-bosh-konsulxonaning-konsullik-okrugida-hessen-baden-wyurtemberg-shimoliy-reyn-vestfaliya-bavariya-va-saarland-hamda-lixtenshteyn-knyazligi-faoliyat-yuritayotgan-o%ca%bczbekiston-respu\/","title":{"rendered":"Verfahren zur Ausstellung eines Schl\u00fcsselzertifikats f\u00fcr die elektronische digitale Signatur"},"content":{"rendered":"<p><\/p>\n<div style=\"text-align: justify;\">Das Verfahren zur Ausstellung eines Schl\u00fcsselzertifikats f\u00fcr eine elektronische digitale Signatur an B\u00fcrger der Republik Usbekistan, ausl\u00e4ndische nat\u00fcrliche und juristische Personen sowie Staatenlose, die in den Bundesl\u00e4ndern Deutschlands (Hessen, Baden-W\u00fcrttemberg, Nordrhein-Westfalen, Bayern, Rheinland-Pfalz und Saarland) t\u00e4tig sind.<\/div>\n<div><\/div>\n<div style=\"text-align: justify;\"><strong>Um ein Zertifikat f\u00fcr eine elektronische digitale Signatur (EDS) zu erhalten, muss der Antragsteller pers\u00f6nlich (<a href=\"https:\/\/e-navbat.mfa.uz\/texnolog\/usluga?id=47&amp;language=uz\">Termin<\/a>) beim Generalkonsulat vorsprechen und die folgende Liste von Dokumenten einreichen:<\/strong><\/div>\n<div><\/div>\n<div><\/div>\n<div style=\"text-align: justify;\"><strong>NAT\u00dcRLICHE PERSON\u200b<\/strong><\/div>\n<div style=\"text-align: justify;\"><\/div>\n<div style=\"text-align: justify;\"><strong>1. <\/strong>Antrag an das Generalkonsulat gerichtet.<br \/>\n<strong>2.\u00a0<\/strong>Ausgef\u00fclltes Antragsformular\u00a0<a href=\"https:\/\/gk-usbekistan.de\/wp-content\/uploads\/2022\/10\/Sorovnoma_lotin_nemis.pdf\">(bitte ausdrucken)<\/a>. Das Formular muss elektronisch ausgef\u00fcllt und am Ende ausgedruckt werden. Ein vollst\u00e4ndig ausgef\u00fclltes Antragsformular mit detaillierten Angaben in jedem Feld und ohne Korrekturen und \u00c4nderungen wird als g\u00fcltig angesehen.<br \/>\n<strong>3.<\/strong>\u00a0Original-Reisepass und eine Kopie aller Seiten, einschlie\u00dflich der leeren Seiten (2 Seiten auf einem einzigen A4-Blatt).<br \/>\n<strong>4.<\/strong>\u00a0Pers\u00f6nliche Identifikationsnummer einer Person, die in der Republik Usbekistan erhalten wurde (PINFL).<br \/>\n<strong>5.<\/strong> Ein Dokument, das die Rechtm\u00e4\u00dfigkeit des Aufenthalts eines Staatsb\u00fcrgers der Republik Usbekistan oder eines Staatenlosen im Hoheitsgebiet eines anderen Landes belegt. Insbesondere die entsprechende Visummarke im Reisepass, die Aufenthaltsgenehmigung oder eine gesonderte Bescheinigung der zust\u00e4ndigen Beh\u00f6rden in Deutschland, aus der hervorgeht, dass der Antragsteller \u00fcber eine Aufenthaltsgenehmigung verf\u00fcgt. Das vorzulegende Dokument muss von einem vereidigten \u00dcbersetzer ins Usbekische \u00fcbersetzt werden.<br \/>\n<strong>6.\u00a0<\/strong>USB-Stick f\u00fcr EDS-Schl\u00fcsselzertifikat &#8211; 1 Stk.<\/div>\n<div style=\"text-align: justify;\"><strong>7.\u00a0<\/strong>Kopie der Quittung \u00fcber die Zahlung der Konsulargeb\u00fchr in der H\u00f6he:<br \/>\na) f\u00fcr B\u00fcrger der Republik Usbekistan &#8211; <strong>40<\/strong> Euro;<br \/>\nb) f\u00fcr ausl\u00e4ndische B\u00fcrger &#8211; <strong>70<\/strong> Euro.<\/div>\n<div style=\"text-align: justify;\"><strong>8.<\/strong>\u00a0Datei f\u00fcr die oben genannten Dokumente, die eingereicht wurden &#8211; 1 St.\u00a0<a href=\"https:\/\/gk-usbekistan.de\/wp-content\/uploads\/2022\/10\/fayl.jpg\"><em>(Muster)<\/em><\/a>.<\/div>\n<div style=\"text-align: justify;\"><\/div>\n<div style=\"text-align: justify;\"><strong>RECHTSPERSON<\/strong><\/div>\n<div style=\"text-align: justify;\"><\/div>\n<div style=\"text-align: justify;\"><strong>1.<\/strong> Notariell beglaubigtes Schreiben mit einer \u00dcbersetzung an das Generalkonsulat der Republik Usbekistan in Frankfurt am Main. Das Schreiben sollte den vollst\u00e4ndigen Namen der juristischen Person und die Steueridentifikationsnummer (TIN) enthalten. Das Schreiben muss von einem vereidigten \u00dcbersetzer ins Usbekische \u00fcbersetzt werden.<br \/>\n<strong>2.\u00a0<\/strong>Ein Schreiben einer juristischen Person und eine notariell beglaubigte Vollmacht zur Ausstellung eines EDS-Schl\u00fcssels und eines EDS-Schl\u00fcsselzertifikats an den Inhaber des privaten Schl\u00fcssels. Wenn der Inhaber einer elektronischen digitalen Signatur (EDS) ein Vertreter einer juristischen Person ist (mit Ausnahme des Leiters einer juristischen Person), m\u00fcssen Name, Vorname, Vatersname und Position des Inhabers des EDS-Schl\u00fcsselzertifikats im Formular angegeben werden.<br \/>\n<strong>3.\u00a0<\/strong>Der ausgef\u00fcllte Fragebogen\u00a0<a href=\"https:\/\/gk-usbekistan.de\/wp-content\/uploads\/2022\/10\/Sorovnoma_lotin_nemis.pdf\">(bitte ausdrucken)<\/a>.\u00a0Das Formular muss elektronisch ausgef\u00fcllt und am Ende ausgedruckt werden. Ein vollst\u00e4ndig ausgef\u00fcllter Fragebogen mit detaillierten Angaben in jeder Spalte, ohne Korrekturen und \u00c4nderungen, wird als g\u00fcltig angesehen. (siehe Beispiel).<br \/>\n<strong>4.<\/strong>\u00a0das Original und eine Kopie des Reisepasses des Leiters der juristischen Person.<br \/>\n<strong>5.<\/strong>\u00a0Original und Kopie des Reisepasses des Bevollm\u00e4chtigten.<br \/>\n<strong>6.<\/strong>\u00a0USB-Stick f\u00fcr EDS-Schl\u00fcsselzertifikat &#8211; 1 Stk.<br \/>\n<strong>7.<\/strong> Quittung \u00fcber die Zahlung der Konsulargeb\u00fchr in H\u00f6he von &#8211; <strong>70<\/strong> Euro.<\/div>\n<div style=\"text-align: justify;\"><strong>8.<\/strong>\u00a0Datei f\u00fcr die oben genannten Dokumente, die eingereicht wurden &#8211; 1 St.\u00a0<a href=\"https:\/\/gk-usbekistan.de\/wp-content\/uploads\/2022\/10\/fayl.jpg\"><em>(Muster)<\/em><\/a>.<\/div>\n<div style=\"text-align: justify;\"><\/div>\n<div style=\"text-align: justify;\"><\/div>\n<div>Die Bezahlung aller konsularischen Aktivit\u00e4ten im Generalkonsulat kann erfolgen:<br \/>\n&#8211; per Bankkarte (EC) beim Empfang im Generalkonsulat;<br \/>\n&#8211; per \u00dcberweisung vor dem Empfang im Generalkonsulat (\u00dcberweisungsbeleg), wobei eine Kopie der Quittung den Unterlagen beigef\u00fcgt wird.<\/div>\n<div><\/div>\n<div><strong><span style=\"text-decoration: underline;\">Bankverbindung des Generalkonsulats:<\/span><\/strong><\/div>\n<div style=\"text-align: justify;\">Nassauische Sparkasse<br \/>\nFrankfurt am Main<br \/>\nKontonummer 141055100<br \/>\nBLZ 51050015<br \/>\nIBAN DE08510500150141055100<br \/>\nBIC NASSDE55XXX<\/div>\n<p><\/p>","protected":false},"excerpt":{"rendered":"<p>Das Verfahren zur Ausstellung eines Schl\u00fcsselzertifikats f\u00fcr eine elektronische digitale Signatur an B\u00fcrger der Republik Usbekistan, ausl\u00e4ndische nat\u00fcrliche und juristische Personen sowie Staatenlose, die in den Bundesl\u00e4ndern Deutschlands (Hessen, Baden-W\u00fcrttemberg, Nordrhein-Westfalen, Bayern, Rheinland-Pfalz und Saarland) t\u00e4tig sind. Um ein Zertifikat f\u00fcr eine elektronische digitale Signatur (EDS) zu erhalten, muss der Antragsteller pers\u00f6nlich (Termin) beim Generalkonsulat [&hellip;]<\/p>\n","protected":false},"author":2,"featured_media":0,"parent":0,"menu_order":0,"comment_status":"closed","ping_status":"closed","template":"","meta":{"footnotes":""},"class_list":["post-3310","page","type-page","status-publish","hentry"],"_links":{"self":[{"href":"https:\/\/gk-usbekistan.de\/de\/wp-json\/wp\/v2\/pages\/3310","targetHints":{"allow":["GET"]}}],"collection":[{"href":"https:\/\/gk-usbekistan.de\/de\/wp-json\/wp\/v2\/pages"}],"about":[{"href":"https:\/\/gk-usbekistan.de\/de\/wp-json\/wp\/v2\/types\/page"}],"author":[{"embeddable":true,"href":"https:\/\/gk-usbekistan.de\/de\/wp-json\/wp\/v2\/users\/2"}],"replies":[{"embeddable":true,"href":"https:\/\/gk-usbekistan.de\/de\/wp-json\/wp\/v2\/comments?post=3310"}],"version-history":[{"count":40,"href":"https:\/\/gk-usbekistan.de\/de\/wp-json\/wp\/v2\/pages\/3310\/revisions"}],"predecessor-version":[{"id":3541,"href":"https:\/\/gk-usbekistan.de\/de\/wp-json\/wp\/v2\/pages\/3310\/revisions\/3541"}],"wp:attachment":[{"href":"https:\/\/gk-usbekistan.de\/de\/wp-json\/wp\/v2\/media?parent=3310"}],"curies":[{"name":"wp","href":"https:\/\/api.w.org\/{rel}","templated":true}]}}