{"id":31,"date":"2017-06-11T18:31:20","date_gmt":"2017-06-11T16:31:20","guid":{"rendered":"https:\/\/gk-usbekistan.de\/?page_id=31"},"modified":"2025-09-30T14:00:39","modified_gmt":"2025-09-30T12:00:39","slug":"about","status":"publish","type":"page","link":"https:\/\/gk-usbekistan.de\/de\/about\/","title":{"rendered":"Generalkonsulat"},"content":{"rendered":"<p><img loading=\"lazy\" decoding=\"async\" class=\" wp-image-38 aligncenter\" src=\"https:\/\/gk-usbekistan.de\/wp-content\/uploads\/2017\/06\/cropped-Coat_of_arms_of_Uzbekistan-300x300.png\" alt=\"\" width=\"153\" height=\"153\" srcset=\"https:\/\/gk-usbekistan.de\/wp-content\/uploads\/2017\/06\/cropped-Coat_of_arms_of_Uzbekistan-300x300.png 300w, https:\/\/gk-usbekistan.de\/wp-content\/uploads\/2017\/06\/cropped-Coat_of_arms_of_Uzbekistan-150x150.png 150w, https:\/\/gk-usbekistan.de\/wp-content\/uploads\/2017\/06\/cropped-Coat_of_arms_of_Uzbekistan-100x100.png 100w, https:\/\/gk-usbekistan.de\/wp-content\/uploads\/2017\/06\/cropped-Coat_of_arms_of_Uzbekistan-270x270.png 270w, https:\/\/gk-usbekistan.de\/wp-content\/uploads\/2017\/06\/cropped-Coat_of_arms_of_Uzbekistan-192x192.png 192w, https:\/\/gk-usbekistan.de\/wp-content\/uploads\/2017\/06\/cropped-Coat_of_arms_of_Uzbekistan-180x180.png 180w, https:\/\/gk-usbekistan.de\/wp-content\/uploads\/2017\/06\/cropped-Coat_of_arms_of_Uzbekistan-32x32.png 32w, https:\/\/gk-usbekistan.de\/wp-content\/uploads\/2017\/06\/cropped-Coat_of_arms_of_Uzbekistan.png 512w\" sizes=\"auto, (max-width: 153px) 100vw, 153px\" \/><\/p>\n<p><strong>Wir heissen Sie herzlich willkommen auf der Homepage vom Generalkonsulat der Republik Usbekistan in Frankfurt am Main!<\/strong><\/p>\n<p style=\"text-align: justify;\">Zu unserem Konsularbezirk geh\u00f6ren die Bundesl\u00e4nder Hessen, Baden-W\u00fcrttemberg, Rheinland-Pfalz, Bayern, Nordrhein-Westfalen und Saarland.<\/p>\n<p style=\"text-align: justify;\">Unsere wichtigste Aufgabe ist die konsularische Betreuung sowohl usbekischer als auch deutscher Staatsangeh\u00f6riger, die in unserem Konsularbezirk wohnen. Daneben hinaus \u00a0f\u00f6rdert das Generalkonsulat die wirtschaftlichen und kulturellen Beziehungen zwischen den Vertreter der Republik Usbekistan und Bundesrepublik Usbekistan.<\/p>\n<p><strong>Unsere Adresse:<\/strong><\/p>\n<div class=\"field-items\">\n<div class=\"field-item even\">\n<div>Generalkonsulat der Republik Usbekistan<\/div>\n<div>\n<div>Eschenheimer Anlage 1,<\/div>\n<div>60316 Frankfurt am Main<\/div>\n<\/div>\n<\/div>\n<\/div>\n<div><\/div>\n<div><strong>Unsere Kontaktdaten:<\/strong><\/div>\n<div>Tel: +49 69915011112 \/ +49 69915011113<\/div>\n<div>Fax: +49 69915011115<br \/>\nE-mail: <span style=\"color: #0000ff;\"><a style=\"color: #0000ff;\" href=\"gk.frankfurt@uzbekistan.de\">frankfurt@gk-usbekistan.de<\/a><\/span><br \/>\nWebsite:\u00a0<span style=\"color: #0000ff;\"><a style=\"color: #0000ff;\" href=\"http:\/\/www.gk-usbekistan.de\/\">www.gk-usbekistan.de<\/a><\/span><\/div>\n<div class=\"field-items\">\n<div class=\"field-item even\">\n<p><strong>Unsere Bankverbindung:<\/strong><\/p>\n<div>Nassauische Sparkasse<\/div>\n<div>Frankfurt am Main<\/div>\n<div>Kontonummer 141055100<\/div>\n<div>BLZ 51050015<\/div>\n<div>IBAN DE08510500150141055100<\/div>\n<div>BIC NASSDE55XXX<\/div>\n<\/div>\n<\/div>\n<div style=\"text-align: justify;\"><strong><em>Konsulargeb\u00fchren k\u00f6nnen mit einer \u00dcberweisung (nach R\u00fccksprache mit dem Konsul) oder mit einer EC-Karte (nur Terminal f\u00fcr EC-Karten) beim Generalkonsulat bezahlt werden!<\/em><\/strong><\/div>\n<div><\/div>\n<div>\n<p style=\"text-align: center;\"><b><strong>AN DIE BESUCHER DES GENERALKONSULATS DER REPUBLIK USBEKISTAN IN FRANKFURT AM MAIN<\/strong><\/b><\/p>\n<p style=\"text-align: justify;\">Einen Termin f\u00fcr konsularische und notarielle Dienstleistungen im Generalkonsulat finden Sie auf der Startseite der Website.<\/p>\n<p style=\"text-align: justify;\">Wir bitten Sie, die folgenden Zulassungsbedingungen sorgf\u00e4ltig zu lesen:<\/p>\n<p style=\"text-align: justify;\">Der Empfang f\u00fcr konsularische und notarielle Dienstleistungen (mit Ausnahme der Ausstellung eines fertigen Reisepasses) erfolgt <b><strong>nur zu den vereinbarten Terminen <\/strong><\/b>(\u00fcber das <span style=\"color: #0000ff;\"><a style=\"color: #0000ff;\" href=\"https:\/\/e-navbat.mfa.uz\/texnolog\/usluga?id=47&amp;language=uz\">elektronische System<\/a><\/span>).<\/p>\n<p style=\"text-align: justify;\">Begleitpersonen sind in der Empfangshalle nicht zugelassen.<\/p>\n<p style=\"text-align: justify;\">Der <b><strong>Einlass der B\u00fcrger in die Empfangshalle erfolgt ausschlie\u00dflich zu den festgelegten Zeiten<\/strong><\/b>.<\/p>\n<p style=\"text-align: justify;\">F\u00fcr die Erbringung konsularischer oder notarieller Dienstleistungen muss der Antragsteller Antr\u00e4ge und andere Dokumente sowie Kopien davon vorlegen, die in den normativen Rechtsakten zur Regelung der Beziehungen im Zusammenhang mit der Erbringung der Dienstleistung vorgesehen sind. Das Fehlen eines relevanten Dokuments, ein falsch oder unvollst\u00e4ndig ausgef\u00fclltes Antragsformular ist ein Grund f\u00fcr die Verweigerung der Annahme von Dokumenten.<\/p>\n<p style=\"text-align: justify;\">Vor dem Besuch des Generalkonsulats sollten sich die Besucher sorgf\u00e4ltig mit den Informationen \u00fcber das Verfahren zur Erbringung konsularischer und notarieller Dienstleistungen vertraut machen, die auf der Website des Generalkonsulats &#8220;<span style=\"color: #0000ff;\"><a style=\"color: #0000ff;\" href=\"https:\/\/gk-usbekistan.de\/de\/consular-services\/\">Konsularische Angelegenheiten<\/a><\/span>&#8221; zu finden sind<u>,<\/u> und die Dokumente und erforderlichen Antr\u00e4ge mit Hilfe spezieller <span style=\"color: #0000ff;\"><a style=\"color: #0000ff;\" href=\"https:\/\/consulate.mfa.uz\/site\/index?language=ru\">interaktiver Dienste<\/a><\/span> vorbereiten.<\/p>\n<p style=\"text-align: justify;\"><strong>Donnerstags, samstags und sonntags sowie an Feiertage<\/strong>\u00a0findet kein <strong>Empfang<\/strong> f\u00fcr konsularische Angelegenheiten statt.<\/p>\n<p style=\"text-align: justify;\">Die telefonische Beratung ist auch w\u00e4hrend der B\u00fcrozeiten und -tage m\u00f6glich. In diesem Fall senden Sie Ihre Fragen bitte per E-Mail, auf die Sie innerhalb kurzer Zeit eine schriftliche Antwort erhalten.<\/p>\n<p style=\"text-align: justify;\">Bitte beachten Sie auch, dass das Generalkonsulat im Falle einer Bewerbung auf dem Postweg nicht f\u00fcr den Versand der Dokumente verantwortlich ist und die anfallenden Kosten nicht \u00fcbernimmt.<\/p>\n<p><strong>Feiertage der Republik Usbekistan:<\/strong><br \/>\n1. Januar &#8211; Neujahr<\/p>\n<p>8. M\u00e4rz &#8211; Internationaler Frauentag<\/p>\n<p>21. M\u00e4rz &#8211; Navruz<\/p>\n<p>9. Mai &#8211; Gedenk- und Ehrentag<\/p>\n<p>1. September &#8211; Unabh\u00e4ngigkeitstag der Republik Usbekistan<\/p>\n<p>1. Oktober &#8211; Tag der Lehrer und Mentoren<\/p>\n<p>8. Dezember &#8211; Tag der Verfassung der Republik Usbekistan<\/p>\n<p>Eid al-Fitr (nach Mondkalender)<\/p>\n<p>Eid al-Adha (nach Mondkalender)<\/p>\n<p><u><strong>Das Generalkonsulat ist an gesetzlichen Feiertagen nicht ge\u00f6ffnet.<\/strong><\/u><\/p>\n<\/div>\n<p><\/p>","protected":false},"excerpt":{"rendered":"<p>Wir heissen Sie herzlich willkommen auf der Homepage vom Generalkonsulat der Republik Usbekistan in Frankfurt am Main! Zu unserem Konsularbezirk geh\u00f6ren die Bundesl\u00e4nder Hessen, Baden-W\u00fcrttemberg, Rheinland-Pfalz, Bayern, Nordrhein-Westfalen und Saarland. Unsere wichtigste Aufgabe ist die konsularische Betreuung sowohl usbekischer als auch deutscher Staatsangeh\u00f6riger, die in unserem Konsularbezirk wohnen. Daneben hinaus \u00a0f\u00f6rdert das Generalkonsulat die wirtschaftlichen [&hellip;]<\/p>\n","protected":false},"author":3,"featured_media":0,"parent":0,"menu_order":2,"comment_status":"closed","ping_status":"closed","template":"","meta":{"footnotes":""},"class_list":["post-31","page","type-page","status-publish","hentry"],"_links":{"self":[{"href":"https:\/\/gk-usbekistan.de\/de\/wp-json\/wp\/v2\/pages\/31","targetHints":{"allow":["GET"]}}],"collection":[{"href":"https:\/\/gk-usbekistan.de\/de\/wp-json\/wp\/v2\/pages"}],"about":[{"href":"https:\/\/gk-usbekistan.de\/de\/wp-json\/wp\/v2\/types\/page"}],"author":[{"embeddable":true,"href":"https:\/\/gk-usbekistan.de\/de\/wp-json\/wp\/v2\/users\/3"}],"replies":[{"embeddable":true,"href":"https:\/\/gk-usbekistan.de\/de\/wp-json\/wp\/v2\/comments?post=31"}],"version-history":[{"count":93,"href":"https:\/\/gk-usbekistan.de\/de\/wp-json\/wp\/v2\/pages\/31\/revisions"}],"predecessor-version":[{"id":5549,"href":"https:\/\/gk-usbekistan.de\/de\/wp-json\/wp\/v2\/pages\/31\/revisions\/5549"}],"wp:attachment":[{"href":"https:\/\/gk-usbekistan.de\/de\/wp-json\/wp\/v2\/media?parent=31"}],"curies":[{"name":"wp","href":"https:\/\/api.w.org\/{rel}","templated":true}]}}