{"id":2245,"date":"2022-02-18T21:13:09","date_gmt":"2022-02-18T19:13:09","guid":{"rendered":"https:\/\/gk-usbekistan.de\/?page_id=2245"},"modified":"2023-01-03T12:15:14","modified_gmt":"2023-01-03T10:15:14","slug":"deutsch-beglaubigung","status":"publish","type":"page","link":"https:\/\/gk-usbekistan.de\/de\/deutsch-beglaubigung\/","title":{"rendered":"Legalisierung von Dokumenten zur Verwendung in der Republik Usbekistan"},"content":{"rendered":"<p><\/p>\n<p style=\"text-align: justify;\">Von deutschen Beh\u00f6rden erstellte Urkunden werden von den Beh\u00f6rden und juristischen Personen der Republik Usbekistan erst nach Beglaubigung durch das Generalkonsulat der Republik Usbekistan in Frankfurt am Main bearbeitet. Dieser konsularische Service wird durch die Deutsche Post durchgef\u00fchrt, es ist nicht notwendig, einen Termin zu nehmen und sich an das Generalkonsulat zu wenden.<\/p>\n<p style=\"text-align: justify;\"><strong>Je nach Art des Dokuments muss dieses vor der Einreichung beim Generalkonsulat von folgenden Institutionen und Stellen in Deutschland beglaubigt werden:<\/strong><br \/>\nI. Regierungspr\u00e4sidium oder Landgericht<br \/>\noder<br \/>\nII. Industrie- und Handelskammer (IHK)<br \/>\n(nur f\u00fcr Gesch\u00e4ftsdokumente).<\/p>\n<p style=\"text-align: justify;\"><strong>Um ein Dokument zu legalisieren, m\u00fcssen Sie die folgenden Dokumente an das Generalkonsulat senden:<\/strong><br \/>\n&#8211; das Originaldokument;<\/p>\n<p style=\"text-align: justify;\">&#8211; ein ausgef\u00fclltes <a href=\"https:\/\/gk-usbekistan.de\/wp-content\/uploads\/2022\/02\/\u041b\u0435\u0433\u0430\u043b\u0438\u0437\u0430\u0446\u0438\u044f_\u0443\u0437\u0431.\u043d\u0435\u043c..pdf\">Antragsformular<\/a>;<\/p>\n<p style=\"text-align: justify;\">&#8211; Kopie des g\u00fcltigen Reisepasses<\/p>\n<p style=\"text-align: justify;\">&#8211; eine Kopie des Zahlungsbelegs;<\/p>\n<p style=\"text-align: justify;\">&#8211; einen frankierten Umschlag mit Absenderadresse.<\/p>\n<p style=\"text-align: justify;\"><strong>Dokumente, die die oben genannten Anforderungen nicht erf\u00fcllen, werden vom Generalkonsulat nicht beglaubigt oder bearbeitet.<\/strong><\/p>\n<p style=\"text-align: justify;\">Legalisierungsgeb\u00fchr f\u00fcr f\u00fcr usbekische Staatsb\u00fcrger &#8211; <strong>25 Euro<\/strong> \/ f\u00fcr deutsche Staatsb\u00fcrger &#8211; <strong>65 Euro<\/strong> (Standesamtsdokumente, Berufserfahrung, Ausbildung (falls bilaterale Abkommen \u00fcber die gegenseitige Anerkennung von Diplomen und Bildungsnachweisen bestehen)).<\/p>\n<p style=\"text-align: justify;\">Legalisierungsgeb\u00fchr f\u00fcr usbekische Staatsb\u00fcrger &#8211; <strong>35 Euro<\/strong> \/ deutsche Staatsb\u00fcrger &#8211; <strong>115 Euro<\/strong> (Vollmacht f\u00fcr Verm\u00f6gensverwaltung, Finanz- und andere Transaktionen sowie Legalisierung von Rechnungen, Zertifikaten, Frachtbriefen, Rechnungen und Zertifikaten).<\/p>\n<p style=\"text-align: justify;\">Legalisierungsgeb\u00fchr &#8211; <strong>115 Euro<\/strong> (nur f\u00fcr Gesch\u00e4ftsdokumente).<\/p>\n<p style=\"text-align: justify;\">Das Bankkonto ist auf der Website des Generalkonsulats aufgef\u00fchrt.<\/p>\n<p style=\"text-align: justify;\">Das Generalkonsulat ist nicht verantwortlich f\u00fcr die Zustellung von Dokumenten per Post, sowie die Kosten f\u00fcr alle Portokosten!!!<\/p>\n<p style=\"text-align: justify;\"><strong>SEHR WICHTIG!!!<\/strong><br \/>\nFalsch oder irrt\u00fcmlich \u00fcberwiesene Betr\u00e4ge NICHT R\u00dcCKERSTATTEN!<\/p>\n<p style=\"text-align: justify;\">In diesem Zusammenhang bitten wir Sie, vor jeder Zahlung die Bedingungen bestimmter konsularischer Dienstleistungen sorgf\u00e4ltig zu lesen.<\/p>\n<p><\/p>","protected":false},"excerpt":{"rendered":"<p>Von deutschen Beh\u00f6rden erstellte Urkunden werden von den Beh\u00f6rden und juristischen Personen der Republik Usbekistan erst nach Beglaubigung durch das Generalkonsulat der Republik Usbekistan in Frankfurt am Main bearbeitet. Dieser konsularische Service wird durch die Deutsche Post durchgef\u00fchrt, es ist nicht notwendig, einen Termin zu nehmen und sich an das Generalkonsulat zu wenden. Je nach [&hellip;]<\/p>\n","protected":false},"author":2,"featured_media":0,"parent":0,"menu_order":0,"comment_status":"closed","ping_status":"closed","template":"","meta":{"footnotes":""},"class_list":["post-2245","page","type-page","status-publish","hentry"],"_links":{"self":[{"href":"https:\/\/gk-usbekistan.de\/de\/wp-json\/wp\/v2\/pages\/2245","targetHints":{"allow":["GET"]}}],"collection":[{"href":"https:\/\/gk-usbekistan.de\/de\/wp-json\/wp\/v2\/pages"}],"about":[{"href":"https:\/\/gk-usbekistan.de\/de\/wp-json\/wp\/v2\/types\/page"}],"author":[{"embeddable":true,"href":"https:\/\/gk-usbekistan.de\/de\/wp-json\/wp\/v2\/users\/2"}],"replies":[{"embeddable":true,"href":"https:\/\/gk-usbekistan.de\/de\/wp-json\/wp\/v2\/comments?post=2245"}],"version-history":[{"count":56,"href":"https:\/\/gk-usbekistan.de\/de\/wp-json\/wp\/v2\/pages\/2245\/revisions"}],"predecessor-version":[{"id":3536,"href":"https:\/\/gk-usbekistan.de\/de\/wp-json\/wp\/v2\/pages\/2245\/revisions\/3536"}],"wp:attachment":[{"href":"https:\/\/gk-usbekistan.de\/de\/wp-json\/wp\/v2\/media?parent=2245"}],"curies":[{"name":"wp","href":"https:\/\/api.w.org\/{rel}","templated":true}]}}